{"id":377,"date":"2022-09-12T16:32:16","date_gmt":"2022-09-12T16:32:16","guid":{"rendered":"http:\/\/fiscaliamorelos.gob.mx\/bienesasegurados\/?post_type=product&#038;p=377"},"modified":"2023-08-01T18:41:06","modified_gmt":"2023-08-01T18:41:06","slug":"volkswagen-vento","status":"publish","type":"product","link":"https:\/\/info.fiscaliamorelos.gob.mx\/bienesasegurados\/product\/volkswagen-vento\/","title":{"rendered":"Volkswagen Vento"},"content":{"rendered":"<p><strong>Modelo<\/strong>: 2017<\/p>\n<p><strong style=\"font-size: 16px\">Color:\u00a0<\/strong><span style=\"font-size: 16px\">PLata Reflex Met\u00e1lico<\/span><\/p>\n<p><strong>N\u00famero de serie:<\/strong> XW8512618HG000642<\/p>\n<p><strong>Fecha de recuperaci\u00f3n:<\/strong> 12\/09\/2022<\/p>\n","protected":false},"excerpt":{"rendered":"<p>Modelo: 2017 Color:\u00a0PLata Reflex Met\u00e1lico N\u00famero de serie: XW8512618HG000642 Fecha de recuperaci\u00f3n: 12\/09\/2022<\/p>\n","protected":false},"featured_media":2037,"template":"","meta":{"site-sidebar-layout":"default","site-content-layout":"default","ast-global-header-display":"","ast-main-header-display":"","ast-hfb-above-header-display":"","ast-hfb-below-header-display":"","ast-hfb-mobile-header-display":"","site-post-title":"","ast-breadcrumbs-content":"","ast-featured-img":"","footer-sml-layout":"","theme-transparent-header-meta":"default","adv-header-id-meta":"","stick-header-meta":"","header-above-stick-meta":"","header-main-stick-meta":"","header-below-stick-meta":""},"product_brand":[],"product_cat":[16],"product_tag":[44],"class_list":{"0":"post-377","1":"product","2":"type-product","3":"status-publish","4":"has-post-thumbnail","6":"product_cat-16","7":"product_tag-volkswagen","8":"desktop-align-center","9":"tablet-align-left","10":"mobile-align-left","12":"first","13":"instock","14":"shipping-taxable","15":"product-type-simple"},"_links":{"self":[{"href":"https:\/\/info.fiscaliamorelos.gob.mx\/bienesasegurados\/wp-json\/wp\/v2\/product\/377","targetHints":{"allow":["GET"]}}],"collection":[{"href":"https:\/\/info.fiscaliamorelos.gob.mx\/bienesasegurados\/wp-json\/wp\/v2\/product"}],"about":[{"href":"https:\/\/info.fiscaliamorelos.gob.mx\/bienesasegurados\/wp-json\/wp\/v2\/types\/product"}],"wp:featuredmedia":[{"embeddable":true,"href":"https:\/\/info.fiscaliamorelos.gob.mx\/bienesasegurados\/wp-json\/wp\/v2\/media\/2037"}],"wp:attachment":[{"href":"https:\/\/info.fiscaliamorelos.gob.mx\/bienesasegurados\/wp-json\/wp\/v2\/media?parent=377"}],"wp:term":[{"taxonomy":"product_brand","embeddable":true,"href":"https:\/\/info.fiscaliamorelos.gob.mx\/bienesasegurados\/wp-json\/wp\/v2\/product_brand?post=377"},{"taxonomy":"product_cat","embeddable":true,"href":"https:\/\/info.fiscaliamorelos.gob.mx\/bienesasegurados\/wp-json\/wp\/v2\/product_cat?post=377"},{"taxonomy":"product_tag","embeddable":true,"href":"https:\/\/info.fiscaliamorelos.gob.mx\/bienesasegurados\/wp-json\/wp\/v2\/product_tag?post=377"}],"curies":[{"name":"wp","href":"https:\/\/api.w.org\/{rel}","templated":true}]}}